{"id":95,"date":"2013-08-09T14:13:04","date_gmt":"2013-08-09T12:13:04","guid":{"rendered":"http:\/\/www.livin-balance.de\/?page_id=95"},"modified":"2019-06-07T16:51:57","modified_gmt":"2019-06-07T14:51:57","slug":"profil","status":"publish","type":"page","link":"https:\/\/www.livin-balance.de\/?page_id=95","title":{"rendered":"\u00dcberblick"},"content":{"rendered":"<p><span style=\"color: #000000;\"><span style=\"line-height: 1.5em;\">Livin\u00b4Balance\u00a0bietet Ihnen Coaching und alternative Therapien, um wieder in Balance zu kommen.<\/span><\/span><\/p>\n<p><span style=\"color: #000000;\">Mit der Kombination von systemischem\u00a0Coaching und alternativen Therapien habe ich eine ganzheitliche Arbeitsmethode entwickelt, mit der ich sowohl die\u00a0physische\u00a0als auch die\u00a0psychische Ebene betrachte.\u00a0In der Natur vorkommende Mittel unterst\u00fctzen den Prozess wieder rundum in Balance zu kommen.<\/span><\/p>\n<p><span style=\"color: #000000;\">T\u00e4tig bin ich in B\u00fcchenbach, Landkreis Roth im sch\u00f6nen Mittelfranken.<\/span><\/p>\n<p><span style=\"color: #000000;\">Informationen sowie Terminvereinbarungen gerne auch telefonisch unter 09171 63305.<\/span><\/p>\n<p><span style=\"line-height: 1.5em; color: #000000;\">Sprechen Sie mich an, ich bin gerne f\u00fcr Sie da!<\/span><\/p>\n<section><\/section>\n<section><span style=\"color: #000000;\">Herzlichst\u00a0<span style=\"line-height: 1.5em;\">Ihre Doris Zeitler<\/span><\/span><\/section>\n<section><\/section>\n<section><\/section>\n<section><\/section>\n<blockquote>\n<section><span style=\"color: #000000;\"><em><strong>Hinweis:<\/strong><\/em><\/span><br \/>\n<span style=\"color: #000000;\"> Die Nutzung der angebotenen Dienstleistungen obliegt der Eigenverantwortung.\u00a0Durch meine begleitenden Ma\u00dfnahmen leiste ich einen positiven Beitrag, ich stelle jedoch keine Diagnose und ersetze nicht den Arzt.<\/span><\/section>\n<\/blockquote>\n","protected":false},"excerpt":{"rendered":"<p>Livin\u00b4Balance\u00a0bietet Ihnen Coaching und alternative Therapien, um wieder in Balance zu kommen. Mit der Kombination von systemischem\u00a0Coaching und alternativen Therapien habe ich eine ganzheitliche Arbeitsmethode entwickelt, mit der ich sowohl die\u00a0physische\u00a0als auch die\u00a0psychische Ebene betrachte.\u00a0In der Natur vorkommende Mittel unterst\u00fctzen den Prozess wieder rundum in Balance zu kommen. T\u00e4tig bin ich in B\u00fcchenbach, Landkreis Roth [&hellip;]<\/p>\n","protected":false},"author":1,"featured_media":0,"parent":0,"menu_order":0,"comment_status":"open","ping_status":"open","template":"","meta":[],"_links":{"self":[{"href":"https:\/\/www.livin-balance.de\/index.php?rest_route=\/wp\/v2\/pages\/95"}],"collection":[{"href":"https:\/\/www.livin-balance.de\/index.php?rest_route=\/wp\/v2\/pages"}],"about":[{"href":"https:\/\/www.livin-balance.de\/index.php?rest_route=\/wp\/v2\/types\/page"}],"author":[{"embeddable":true,"href":"https:\/\/www.livin-balance.de\/index.php?rest_route=\/wp\/v2\/users\/1"}],"replies":[{"embeddable":true,"href":"https:\/\/www.livin-balance.de\/index.php?rest_route=%2Fwp%2Fv2%2Fcomments&post=95"}],"version-history":[{"count":94,"href":"https:\/\/www.livin-balance.de\/index.php?rest_route=\/wp\/v2\/pages\/95\/revisions"}],"predecessor-version":[{"id":937,"href":"https:\/\/www.livin-balance.de\/index.php?rest_route=\/wp\/v2\/pages\/95\/revisions\/937"}],"wp:attachment":[{"href":"https:\/\/www.livin-balance.de\/index.php?rest_route=%2Fwp%2Fv2%2Fmedia&parent=95"}],"curies":[{"name":"wp","href":"https:\/\/api.w.org\/{rel}","templated":true}]}}