{"id":866,"date":"2018-05-17T19:02:24","date_gmt":"2018-05-17T17:02:24","guid":{"rendered":"http:\/\/www.livin-balance.de\/?page_id=866"},"modified":"2018-05-22T16:29:24","modified_gmt":"2018-05-22T14:29:24","slug":"datenschutzerklaerung","status":"publish","type":"page","link":"https:\/\/www.livin-balance.de\/?page_id=866","title":{"rendered":"Datenschutzerkl\u00e4rung"},"content":{"rendered":"<p><span style=\"color: #000000;\">1. Datenschutz auf einen Blick<\/span><\/p>\n<p><span style=\"color: #000000;\">Allgemeine Hinweise<\/span><\/p>\n<p><span style=\"color: #000000;\">Die folgenden Hinweise geben einen einfachen \u00dcberblick dar\u00fcber, was mit Ihren personenbezogenen Daten passiert, wenn Sie unsere Website besuchen. Personenbezogene Daten sind alle Daten, mit denen Sie pers\u00f6nlich identifiziert werden k\u00f6nnen. Ausf\u00fchrliche Informationen zum Thema Datenschutz entnehmen Sie unserer unter diesem Text aufgef\u00fchrten Datenschutzerkl\u00e4rung.<\/span><\/p>\n<p><span style=\"color: #000000;\">Datenerfassung auf unserer Website<\/span><\/p>\n<p><span style=\"color: #000000;\">Wer ist verantwortlich f\u00fcr die Datenerfassung auf dieser Website?<\/span><\/p>\n<p><span style=\"color: #000000;\">Die Datenverarbeitung auf dieser Website erfolgt durch den Websitebetreiber. Dessen Kontaktdaten k\u00f6nnen Sie dem Impressum dieser Website entnehmen.<\/span><\/p>\n<p><span style=\"color: #000000;\">\u00a0Wie erfassen wir Ihre Daten?<\/span><\/p>\n<p><span style=\"color: #000000;\">Ihre Daten werden zum einen dadurch erhoben, dass Sie uns diese mitteilen. Hierbei kann es sich z.B. um Daten handeln, die Sie in ein Kontaktformular eingeben.<\/span><\/p>\n<p><span style=\"color: #000000;\">Andere Daten werden automatisch beim Besuch der Website durch unsere IT-Systeme erfasst. Das sind vor allem technische Daten (z.B. Internetbrowser, Betriebssystem oder Uhrzeit des Seitenaufrufs). Die Erfassung dieser Daten erfolgt automatisch, sobald Sie unsere Website betreten.<\/span><\/p>\n<p><span style=\"color: #000000;\">Wof\u00fcr nutzen wir Ihre Daten?<\/span><\/p>\n<p><span style=\"color: #000000;\">Ein Teil der Daten wird erhoben, um eine fehlerfreie Bereitstellung der Website zu gew\u00e4hrleisten. Andere Daten k\u00f6nnen zur Analyse Ihres Nutzerverhaltens verwendet werden.<\/span><\/p>\n<p><span style=\"color: #000000;\">Welche Rechte haben Sie bez\u00fcglich Ihrer Daten?<\/span><\/p>\n<p><span style=\"color: #000000;\">Sie haben jederzeit das Recht unentgeltlich Auskunft \u00fcber Herkunft, Empf\u00e4nger und Zweck Ihrer gespeicherten personenbezogenen Daten zu erhalten. Sie haben au\u00dferdem ein Recht, die Berichtigung, Sperrung oder L\u00f6schung dieser Daten zu verlangen. Hierzu sowie zu weiteren Fragen zum Thema Datenschutz k\u00f6nnen Sie sich jederzeit unter der im Impressum angegebenen Adresse an uns wenden. Des Weiteren steht Ihnen ein Beschwerderecht bei der zust\u00e4ndigen Aufsichtsbeh\u00f6rde zu.<\/span><\/p>\n<p><span style=\"color: #000000;\">\u00a02. Allgemeine Hinweise und Pflichtinformationen<\/span><\/p>\n<p><span style=\"color: #000000;\">Datenschutz<\/span><\/p>\n<p><span style=\"color: #000000;\">Die Betreiber dieser Seiten nehmen den Schutz Ihrer pers\u00f6nlichen Daten sehr ernst. Wir behandeln Ihre personenbezogenen Daten vertraulich und entsprechend der gesetzlichen Datenschutzvorschriften sowie dieser Datenschutzerkl\u00e4rung.<\/span><\/p>\n<p><span style=\"color: #000000;\">Wenn Sie diese Website benutzen, werden verschiedene personenbezogene Daten erhoben. Personenbezogene Daten sind Daten, mit denen Sie pers\u00f6nlich identifiziert werden k\u00f6nnen. Die vorliegende Datenschutzerkl\u00e4rung erl\u00e4utert, welche Daten wir erheben und wof\u00fcr wir sie nutzen. Sie erl\u00e4utert auch, wie und zu welchem Zweck das geschieht.<\/span><\/p>\n<p><span style=\"color: #000000;\">Wir weisen darauf hin, dass die Daten\u00fcbertragung im Internet (z.B. bei der Kommunikation per E-Mail) Sicherheitsl\u00fccken aufweisen kann. Ein l\u00fcckenloser Schutz der Daten vor dem Zugriff durch Dritte ist nicht m\u00f6glich.<\/span><\/p>\n<p><span style=\"color: #000000;\">\u00a0Hinweis zur verantwortlichen Stelle<\/span><\/p>\n<p><span style=\"color: #000000;\">Die verantwortliche Stelle f\u00fcr die Datenverarbeitung auf dieser Website ist:<\/span><\/p>\n<p><span style=\"color: #000000;\">Doris Zeitler<\/span><\/p>\n<p><span style=\"color: #000000;\">Asbach Haus 2<\/span><br \/>\n<span style=\"color: #000000;\">91186 B\u00fcchenbach<\/span><\/p>\n<p><span style=\"color: #000000;\">Telefon: 09171 63305<\/span><br \/>\n<span style=\"color: #000000;\">Mobil: 0171 7117964<\/span><br \/>\n<span style=\"color: #000000;\">Telefax: 09171 63374<\/span><\/p>\n<p><span style=\"color: #000000;\">Verantwortliche Stelle ist die nat\u00fcrliche oder juristische Person, die allein oder gemeinsam mit anderen \u00fcber die Zwecke und Mittel der Verarbeitung von personenbezogenen Daten (z.B. Namen, E-Mail-Adressen o. \u00c4.) entscheidet.<\/span><\/p>\n<p><span style=\"color: #000000;\">\u00a0Widerruf Ihrer Einwilligung zur Datenverarbeitung<\/span><\/p>\n<p><span style=\"color: #000000;\">Viele Datenverarbeitungsvorg\u00e4nge sind nur mit Ihrer ausdr\u00fccklichen Einwilligung m\u00f6glich. Sie k\u00f6nnen eine bereits erteilte Einwilligung jederzeit widerrufen. Dazu reicht eine formlose Mitteilung per E-Mail an uns. Die Rechtm\u00e4\u00dfigkeit der bis zum Widerruf erfolgten Datenverarbeitung bleibt vom Widerruf unber\u00fchrt.<\/span><\/p>\n<p><span style=\"color: #000000;\">Beschwerderecht bei der zust\u00e4ndigen Aufsichtsbeh\u00f6rde<\/span><\/p>\n<p><span style=\"color: #000000;\">Im Falle datenschutzrechtlicher Verst\u00f6\u00dfe steht dem Betroffenen ein Beschwerderecht bei der zust\u00e4ndigen Aufsichtsbeh\u00f6rde zu. Zust\u00e4ndige Aufsichtsbeh\u00f6rde in datenschutzrechtlichen Fragen ist der Landesdatenschutzbeauftragte des Bundeslandes, in dem unser Unternehmen seinen Sitz hat. Eine Liste der Datenschutzbeauftragten sowie deren Kontaktdaten k\u00f6nnen folgendem Link entnommen werden:<\/span><\/p>\n<p><span style=\"color: #000000;\"><a style=\"color: #000000;\" href=\"https:\/\/www.bfdi.bund.de\/DE\/Infothek\/Anschriften_Links\/anschriften_links-node.html\">https:\/\/www.bfdi.bund.de\/DE\/Infothek\/Anschriften_Links\/anschriften_links-node.html<\/a>.<\/span><\/p>\n<p><span style=\"color: #000000;\">Auskunft, Sperrung, L\u00f6schung<\/span><\/p>\n<p><span style=\"color: #000000;\">Sie haben im Rahmen der geltenden gesetzlichen Bestimmungen jederzeit das Recht auf unentgeltliche Auskunft \u00fcber Ihre gespeicherten personenbezogenen Daten, deren Herkunft und Empf\u00e4nger und den Zweck der Datenverarbeitung und ggf. ein Recht auf Berichtigung, Sperrung oder L\u00f6schung dieser Daten. Hierzu sowie zu weiteren Fragen zum Thema personenbezogene Daten k\u00f6nnen Sie sich jederzeit unter der im Impressum angegebenen Adresse an uns wenden.<\/span><\/p>\n<p><span style=\"color: #000000;\">\u00a0Widerspruch gegen Werbe-Mails<\/span><\/p>\n<p><span style=\"color: #000000;\">Der Nutzung von im Rahmen der Impressumspflicht ver\u00f6ffentlichten Kontaktdaten zur \u00dcbersendung von nicht ausdr\u00fccklich angeforderter Werbung und Informationsmaterialien wird hiermit widersprochen. Die Betreiber der Seiten behalten sich ausdr\u00fccklich rechtliche Schritte im Falle der unverlangten Zusendung von Werbeinformationen, etwa durch Spam-E-Mails, vor.<\/span><\/p>\n<p><span style=\"color: #000000;\">\u00a03. Datenschutzbeauftragter<\/span><\/p>\n<p><span style=\"color: #000000;\">Gesetzlich vorgeschriebener Datenschutzbeauftragter<\/span><\/p>\n<p><span style=\"color: #000000;\">Doris Zeitler<br \/>\nAsbach Haus 2<\/span><br \/>\n<span style=\"color: #000000;\">91186 B\u00fcchenbach<\/span><\/p>\n<p><span style=\"color: #000000;\">Telefon: 09171 63305<\/span><br \/>\n<span style=\"color: #000000;\">Mobil: 0171 7117964<\/span><br \/>\n<span style=\"color: #000000;\">Telefax: 09171 63374<\/span><\/p>\n<p><span style=\"color: #000000;\">\u00a04. Datenerfassung auf unserer Website<\/span><\/p>\n<p><span style=\"color: #000000;\">\u00a0<\/span>Server-Log-Dateien<\/p>\n<p><span style=\"color: #000000;\">Der Provider der Seiten erhebt und speichert automatisch Informationen in so genannten Server-Log-Dateien, die Ihr Browser automatisch an uns \u00fcbermittelt.<\/span><\/p>\n<p><span style=\"color: #000000;\">Dies sind:<\/span><\/p>\n<ul>\n<li><span style=\"color: #000000;\">Browsertyp und Browserversion<\/span><\/li>\n<li><span style=\"color: #000000;\">verwendetes Betriebssystem<\/span><\/li>\n<li><span style=\"color: #000000;\">Referrer URL<\/span><\/li>\n<li><span style=\"color: #000000;\">Hostname des zugreifenden Rechners<\/span><\/li>\n<li><span style=\"color: #000000;\">Uhrzeit der Serveranfrage<\/span><\/li>\n<li><span style=\"color: #000000;\">IP-Adresse<\/span><\/li>\n<\/ul>\n<p><span style=\"color: #000000;\">Eine Zusammenf\u00fchrung dieser Daten mit anderen Datenquellen wird nicht vorgenommen.<\/span><\/p>\n<p><span style=\"color: #000000;\">Grundlage f\u00fcr die Datenverarbeitung ist Art. 6 Abs. 1 lit. f DSGVO, der die Verarbeitung von Daten zur Erf\u00fcllung eines Vertrags oder vorvertraglicher Ma\u00dfnahmen gestattet.<\/span><\/p>\n","protected":false},"excerpt":{"rendered":"<p>1. Datenschutz auf einen Blick Allgemeine Hinweise Die folgenden Hinweise geben einen einfachen \u00dcberblick dar\u00fcber, was mit Ihren personenbezogenen Daten passiert, wenn Sie unsere Website besuchen. Personenbezogene Daten sind alle Daten, mit denen Sie pers\u00f6nlich identifiziert werden k\u00f6nnen. Ausf\u00fchrliche Informationen zum Thema Datenschutz entnehmen Sie unserer unter diesem Text aufgef\u00fchrten Datenschutzerkl\u00e4rung. Datenerfassung auf unserer Website [&hellip;]<\/p>\n","protected":false},"author":2,"featured_media":0,"parent":0,"menu_order":0,"comment_status":"open","ping_status":"open","template":"","meta":[],"_links":{"self":[{"href":"https:\/\/www.livin-balance.de\/index.php?rest_route=\/wp\/v2\/pages\/866"}],"collection":[{"href":"https:\/\/www.livin-balance.de\/index.php?rest_route=\/wp\/v2\/pages"}],"about":[{"href":"https:\/\/www.livin-balance.de\/index.php?rest_route=\/wp\/v2\/types\/page"}],"author":[{"embeddable":true,"href":"https:\/\/www.livin-balance.de\/index.php?rest_route=\/wp\/v2\/users\/2"}],"replies":[{"embeddable":true,"href":"https:\/\/www.livin-balance.de\/index.php?rest_route=%2Fwp%2Fv2%2Fcomments&post=866"}],"version-history":[{"count":2,"href":"https:\/\/www.livin-balance.de\/index.php?rest_route=\/wp\/v2\/pages\/866\/revisions"}],"predecessor-version":[{"id":870,"href":"https:\/\/www.livin-balance.de\/index.php?rest_route=\/wp\/v2\/pages\/866\/revisions\/870"}],"wp:attachment":[{"href":"https:\/\/www.livin-balance.de\/index.php?rest_route=%2Fwp%2Fv2%2Fmedia&parent=866"}],"curies":[{"name":"wp","href":"https:\/\/api.w.org\/{rel}","templated":true}]}}