{"id":587,"date":"2014-08-12T21:02:20","date_gmt":"2014-08-12T19:02:20","guid":{"rendered":"http:\/\/www.livin-balance.de\/?page_id=587"},"modified":"2018-09-06T17:09:59","modified_gmt":"2018-09-06T15:09:59","slug":"bachblueten","status":"publish","type":"page","link":"https:\/\/www.livin-balance.de\/?page_id=587","title":{"rendered":"Bachbl\u00fcten"},"content":{"rendered":"<p><span style=\"color: #000000;\"><em>Bl\u00fcten sind ein L\u00e4cheln der Natur und die Verbindung zu unserer Seele.<br \/>\n<\/em><em>Bl\u00fcten<\/em> wirken bewusst und unbewusst auf K\u00f6rper, Geist und Seele.<\/span><\/p>\n<p><span style=\"color: #000000;\">Die\u00a0<em>Bachbl\u00fcten-Therapie<\/em>\u00a0wurde von dem Engl\u00e4nder Dr. Edward Bach entwickelt und basiert auf der Idee, dass die gebundene Energie von Bl\u00fcten eine regulierende Wirkung auf psychische Zust\u00e4nde hat.<\/span><\/p>\n<p><span style=\"color: #000000;\">Die 38 Bl\u00fctenessenzen helfen den Kontakt zur Seele wieder herzustellen und beeinflussen dadurch Gem\u00fct und Verhalten, durch diese psychische Wirkung k\u00f6nnen h\u00e4ufig auch k\u00f6rperliche Symptome gebessert werden.<\/span><\/p>\n","protected":false},"excerpt":{"rendered":"<p>Bl\u00fcten sind ein L\u00e4cheln der Natur und die Verbindung zu unserer Seele. Bl\u00fcten wirken bewusst und unbewusst auf K\u00f6rper, Geist und Seele. Die\u00a0Bachbl\u00fcten-Therapie\u00a0wurde von dem Engl\u00e4nder Dr. Edward Bach entwickelt und basiert auf der Idee, dass die gebundene Energie von Bl\u00fcten eine regulierende Wirkung auf psychische Zust\u00e4nde hat. Die 38 Bl\u00fctenessenzen helfen den Kontakt zur [&hellip;]<\/p>\n","protected":false},"author":2,"featured_media":0,"parent":0,"menu_order":0,"comment_status":"open","ping_status":"open","template":"","meta":[],"_links":{"self":[{"href":"https:\/\/www.livin-balance.de\/index.php?rest_route=\/wp\/v2\/pages\/587"}],"collection":[{"href":"https:\/\/www.livin-balance.de\/index.php?rest_route=\/wp\/v2\/pages"}],"about":[{"href":"https:\/\/www.livin-balance.de\/index.php?rest_route=\/wp\/v2\/types\/page"}],"author":[{"embeddable":true,"href":"https:\/\/www.livin-balance.de\/index.php?rest_route=\/wp\/v2\/users\/2"}],"replies":[{"embeddable":true,"href":"https:\/\/www.livin-balance.de\/index.php?rest_route=%2Fwp%2Fv2%2Fcomments&post=587"}],"version-history":[{"count":5,"href":"https:\/\/www.livin-balance.de\/index.php?rest_route=\/wp\/v2\/pages\/587\/revisions"}],"predecessor-version":[{"id":918,"href":"https:\/\/www.livin-balance.de\/index.php?rest_route=\/wp\/v2\/pages\/587\/revisions\/918"}],"wp:attachment":[{"href":"https:\/\/www.livin-balance.de\/index.php?rest_route=%2Fwp%2Fv2%2Fmedia&parent=587"}],"curies":[{"name":"wp","href":"https:\/\/api.w.org\/{rel}","templated":true}]}}