{"id":12,"date":"2013-04-04T18:56:57","date_gmt":"2013-04-04T16:56:57","guid":{"rendered":"http:\/\/wp.livin-balance.de\/?page_id=12"},"modified":"2018-05-24T15:18:45","modified_gmt":"2018-05-24T13:18:45","slug":"impressum","status":"publish","type":"page","link":"https:\/\/www.livin-balance.de\/?page_id=12","title":{"rendered":"Impressum"},"content":{"rendered":"<p>Livin&#8216; Balance<\/p>\n<p>Doris Zeitler<br \/>\nAsbach Haus 2<br \/>\n91186 B\u00fcchenbach<br \/>\nTelefon: 09171\/63305<br \/>\nE-Mail: <a href=\"mailto:info@livin-balance.de\">info@livin-balance.de<\/a><\/p>\n<p><strong>V.i.S.d.P.\u00a0<strong>\u00a0gem\u00e4\u00df \u00a7 10 Absatz 3 MDStV :\u00a0<\/strong><br \/>\n<\/strong>Doris Zeitler<\/p>\n<p><b>USt-IdNr.\u00a0gem\u00e4\u00df \u00a7 27 a Umsatzsteuergesetz:<\/b><br \/>\nDE179187982<\/p>\n<p><strong>Vertretungsberechtigter:<\/strong><br \/>\nDoris Zeitler<\/p>\n<p>Haftungshinweis: Trotz sorgf\u00e4ltiger inhaltlicher Kontrolle \u00fcbernehmen wir keine Haftung f\u00fcr die Inhalte externer Links.<br \/>\nF\u00fcr den Inhalt der verlinkten Seiten sind ausschlie\u00dflich deren Betreiber verantwortlich.<\/p>\n","protected":false},"excerpt":{"rendered":"<p>Livin&#8216; Balance Doris Zeitler Asbach Haus 2 91186 B\u00fcchenbach Telefon: 09171\/63305 E-Mail: info@livin-balance.de V.i.S.d.P.\u00a0\u00a0gem\u00e4\u00df \u00a7 10 Absatz 3 MDStV :\u00a0 Doris Zeitler USt-IdNr.\u00a0gem\u00e4\u00df \u00a7 27 a Umsatzsteuergesetz: DE179187982 Vertretungsberechtigter: Doris Zeitler Haftungshinweis: Trotz sorgf\u00e4ltiger inhaltlicher Kontrolle \u00fcbernehmen wir keine Haftung f\u00fcr die Inhalte externer Links. F\u00fcr den Inhalt der verlinkten Seiten sind ausschlie\u00dflich deren Betreiber [&hellip;]<\/p>\n","protected":false},"author":1,"featured_media":0,"parent":0,"menu_order":0,"comment_status":"open","ping_status":"open","template":"","meta":[],"_links":{"self":[{"href":"https:\/\/www.livin-balance.de\/index.php?rest_route=\/wp\/v2\/pages\/12"}],"collection":[{"href":"https:\/\/www.livin-balance.de\/index.php?rest_route=\/wp\/v2\/pages"}],"about":[{"href":"https:\/\/www.livin-balance.de\/index.php?rest_route=\/wp\/v2\/types\/page"}],"author":[{"embeddable":true,"href":"https:\/\/www.livin-balance.de\/index.php?rest_route=\/wp\/v2\/users\/1"}],"replies":[{"embeddable":true,"href":"https:\/\/www.livin-balance.de\/index.php?rest_route=%2Fwp%2Fv2%2Fcomments&post=12"}],"version-history":[{"count":12,"href":"https:\/\/www.livin-balance.de\/index.php?rest_route=\/wp\/v2\/pages\/12\/revisions"}],"predecessor-version":[{"id":873,"href":"https:\/\/www.livin-balance.de\/index.php?rest_route=\/wp\/v2\/pages\/12\/revisions\/873"}],"wp:attachment":[{"href":"https:\/\/www.livin-balance.de\/index.php?rest_route=%2Fwp%2Fv2%2Fmedia&parent=12"}],"curies":[{"name":"wp","href":"https:\/\/api.w.org\/{rel}","templated":true}]}}